{"id":19336,"date":"2023-01-03T14:03:07","date_gmt":"2023-01-03T20:03:07","guid":{"rendered":"https:\/\/fivestarman.com\/eventos\/"},"modified":"2025-06-24T14:29:35","modified_gmt":"2025-06-24T19:29:35","slug":"eventos","status":"publish","type":"page","link":"https:\/\/fivestarman.com\/es\/eventos\/","title":{"rendered":"Eventos"},"content":{"rendered":"\n\n\t\t\t\t<img decoding=\"async\" src=\"https:\/\/fivestarman.com\/wp-content\/uploads\/\/Asset-18.svg\" alt=\"Asset-18.svg\" itemprop=\"image\" title=\"Asset-18.svg\" onerror=\"this.style.display='none'\" loading='lazy' \/>\n<h2>\n\t\t\tPr\u00f3xima Conferencia Aut\u00e9ntica\t<\/h2>\n\t<iframe allowfullscreen allow=\"autoplay\" data-src=\"https:\/\/player.vimeo.com\/video\/1095616629?color&amp;autopause=0&amp;loop=0&amp;muted=0&amp;title=0&amp;portrait=0&amp;byline=0&amp;h\"><\/iframe>\t\t\n\t\t\t\t\tPlay Video\n<h2>\n\t\t\tLouisville, Kentucky\t<\/h2>\n\tViernes-s\u00e1bado &#8211; 15-16 de agosto<br \/>\nORGANIZADO POR<br \/>\nEvangel World Prayer Center<br \/>\n6900 Billtown Rd<br \/>\nLouisville, KY 40299\n\t\t\t<a href=\"https:\/\/www.eventbrite.com\/e\/authentic-fivestarman-conference-tickets-1424744612489?aff=oddtdtcreator\" target=\"_blank\" rel=\"noopener\">\n\t\t\t\t\t\t\tEl coste es gratuito &#8211; \u00a1Reserva ahora!\n\t\t\t\t\t<\/a>\n<h1>\n\t\t\t2025 Eventos\t<\/h1>\n\t<strong>AUT\u00c9NTICO<br \/>\nConferencia<\/strong> FivestarMan <strong><br \/>\n24-26 de enero<\/strong><br \/>\nAsamblea del Calvario<br \/>\nDecatur, Alabama<br \/>\n<a href=\"https:\/\/www.calvaryassembly.org\/\">calvaryassembly.org<\/a>\n<strong>9, 11, 14 de febrero<\/strong><br \/>\nIglesia de la Ciudad<br \/>\nOrlando, Florida<br \/>\n<a href=\"https:\/\/www.citychurchfl.org\/\">citychurchfl.org<\/a>\n<strong>16 de febrero<\/strong><br \/>\nGlad Tidings<br \/>\nOcoee, Florida<br \/>\n<a href=\"https:\/\/www.wearegt.com\">wearegt.com<\/a>\n<strong>28 de febrero &#8211; 2 de marzo<\/strong><br \/>\nStillwater Cowboy Church<br \/>\nFruita, Colorado<br \/>\n<a href=\"https:\/\/stillwatercowboychurch.com\/\">stillwatercowboychurch.com<\/a>\n<strong>AUT\u00c9NTICO<br \/>\nConferencia<\/strong> FivestarMan <strong><br \/>\n7-9 marzo<\/strong><br \/>\nOwasso First Assembly of God<br \/>\nOwasso, Oklahoma<br \/>\n<a href=\"https:\/\/www.owassofirst.com\">owassofirst.com<\/a>\n<strong>1-2 de marzo<\/strong><br \/>\nAsamblea Cristiana<br \/>\nSherwood, Arkansas\n<strong>14-16 de marzo<\/strong><br \/>\nJourney Church<br \/>\nHollidaysburg, Pensilvania<br \/>\n<a href=\"http:\/\/journeychurchpa.com\">journeychurchpa.com<\/a>\n<strong>28-30 de marzo<\/strong><br \/>\nMercy Gate Church<br \/>\nHouston, Texas\n<strong>30 de mayo-1 de junio<\/strong><br \/>\nFraternidad Cristiana Nueva Vida<br \/>\nLake City, Florida<br \/>\n<a href=\"https:\/\/www.nlcflc.com\/\">nlcflc.com<\/a>\n\t<strong>13 de junio<\/strong><br \/>\nAsamblea del Calvario<br \/>\nEvento de Mujeres Profesionales<br \/>\nDecatur, Alabama\n<strong>14 y 15 de junio<\/strong><br \/>\nLa Asamblea<br \/>\nBroken Arrow, Oklahoma<br \/>\n<a href=\"https:\/\/theassembly.org\">laasamblea.org<\/a>\n<strong>21-22 de junio<\/strong><br \/>\nAsamblea de Dios de Woodward<br \/>\nWoodward, Oklahoma\n<strong>28-29 de junio<\/strong><br \/>\nZeal Church Nashville, Tennessee ZealChurch.tv\n<strong>19-20 de julio<\/strong><br \/>\nIglesia MercyGate<br \/>\nMount Belvieu, Texas<br \/>\n<a href=\"https:\/\/www.mercygatechurch.com\/\">mercygatechurch.com<\/a>\n<strong>1-3 de agosto<\/strong><br \/>\nChurch at Chapel Hill<br \/>\nDouglasville, Georgia\n<strong>AUT\u00c9NTICO<br \/>\nConferencia <\/strong> FivestarMan <strong><br \/>\n15-17 agosto <\/strong><br \/>\nEvangel World Prayer Center<br \/>\nLouisville, Kentucky<br \/>\n<a href=\"https:\/\/ewpc.com\">ewpc.com<\/a><br \/>\n<a href=\"https:\/\/www.eventbrite.com\/e\/authentic-fivestarman-conference-tickets-1424744612489?aff=oddtdtcreator\" target=\"_blank\" rel=\"noopener\"><strong>Reg\u00edstrate aqu\u00ed \u2192<\/strong><\/a>\n<strong>22-24 de agosto<\/strong><br \/>\nHilltop Assembly of God<br \/>\nBoyd, Texas\n<strong>30-31 de agosto<\/strong><br \/>\nVictory City Church<br \/>\nJoliet, Illinois<br \/>\n<a href=\"https:\/\/victorycity.com\/\">victorycity.com<\/a>\n\t<strong>5-7 de septiembre<\/strong><br \/>\nIglesia de la Cosecha<br \/>\nWest Monroe, Luisiana<br \/>\n<a href=\"https:\/\/www.harvestwm.org\">cosechawm.org<\/a>\n<strong>14 de septiembre<\/strong><br \/>\nThe Bridge Church<br \/>\nPiedmont, Oklahoma<br \/>\n<a href=\"http:\/\/piedmont.wearethebridge.church\">piedmont.wearethebridge.church<\/a>\n<strong>19-21 de septiembre<\/strong><br \/>\nIglesia G\u00e9nesis<br \/>\nMcKinney, Texas<br \/>\n<a href=\"https:\/\/genesispeople.com\">genesispeople.com<\/a>\n<strong>26-28 de septiembre<\/strong><br \/>\nAsamblea Nueva Vida<br \/>\nCircleville, Ohio<br \/>\n<a href=\"https:\/\/www.newlifecircleville.com\/\">nuevavidacircleville.com<\/a>\n<strong>3-5 de octubre <\/strong><br \/>\nPrimera Asamblea de Bakersfield<br \/>\nBakersfield, California<br \/>\n<a href=\"https:\/\/www.bakersfield1st.com\">bakersfield1st.com<\/a>\n<strong>10-12 de octubre <\/strong><br \/>\nFraternidad Cristiana Nueva Vida<br \/>\nLake City, Florida<br \/>\n<a href=\"https:\/\/www.nlcflc.com\/\">nlcflc.com<\/a>\n<strong>AUT\u00c9NTICO<br \/>\nConferencia FivestarMan<\/strong><br \/>\n<strong>17-19 de octubre<\/strong><br \/>\nAltoona, Pensilvania<br \/>\n<strong>Pronto se abrir\u00e1 el plazo de inscripci\u00f3n<\/strong>\n<p><strong>3 de noviembre <\/strong>Owasso First Assembly Owasso, Oklahoma <a href=\"https:\/\/www.owassofirst.com\/\">owassofirst.com<\/a><\/p>\n<strong>AUT\u00c9NTICO<br \/>\nConferencia<\/strong> FivestarMan <strong><br \/>\n7-9 noviembre<\/strong><br \/>\nBear Creek Church<br \/>\nLodi, California<br \/>\n<a href=\"https:\/\/bearcreekchurch.com\">bearcreekchurch.com<\/a><br \/>\n<strong>Pronto se abrir\u00e1 el plazo de inscripci\u00f3n<\/strong>\n\n","protected":false},"excerpt":{"rendered":"<p>Pr\u00f3xima Conferencia Aut\u00e9ntica Play Video Louisville, Kentucky Viernes-s\u00e1bado &#8211; 15-16 de agosto ORGANIZADO POR Evangel World Prayer Center 6900 Billtown Rd Louisville, KY 40299 El coste es gratuito &#8211; \u00a1Reserva ahora! 2025 Eventos AUT\u00c9NTICO Conferencia FivestarMan 24-26 de enero Asamblea del Calvario Decatur, Alabama calvaryassembly.org 9, 11, 14 de febrero Iglesia de la Ciudad Orlando,&hellip;<\/p>\n","protected":false},"author":1,"featured_media":0,"parent":0,"menu_order":0,"comment_status":"closed","ping_status":"closed","template":"","meta":{"give_campaign_id":0,"inline_featured_image":false,"iawp_total_views":14,"footnotes":""},"class_list":["post-19336","page","type-page","status-publish","hentry"],"campaignId":"","_links":{"self":[{"href":"https:\/\/fivestarman.com\/es\/wp-json\/wp\/v2\/pages\/19336","targetHints":{"allow":["GET"]}}],"collection":[{"href":"https:\/\/fivestarman.com\/es\/wp-json\/wp\/v2\/pages"}],"about":[{"href":"https:\/\/fivestarman.com\/es\/wp-json\/wp\/v2\/types\/page"}],"author":[{"embeddable":true,"href":"https:\/\/fivestarman.com\/es\/wp-json\/wp\/v2\/users\/1"}],"replies":[{"embeddable":true,"href":"https:\/\/fivestarman.com\/es\/wp-json\/wp\/v2\/comments?post=19336"}],"version-history":[{"count":3,"href":"https:\/\/fivestarman.com\/es\/wp-json\/wp\/v2\/pages\/19336\/revisions"}],"predecessor-version":[{"id":20161,"href":"https:\/\/fivestarman.com\/es\/wp-json\/wp\/v2\/pages\/19336\/revisions\/20161"}],"wp:attachment":[{"href":"https:\/\/fivestarman.com\/es\/wp-json\/wp\/v2\/media?parent=19336"}],"curies":[{"name":"wp","href":"https:\/\/api.w.org\/{rel}","templated":true}]}}